{"id":564,"date":"2021-12-18T23:00:30","date_gmt":"2021-12-18T22:00:30","guid":{"rendered":"https:\/\/www.wg-elsterstrand.de\/wg-elsterstrand\/?page_id=564"},"modified":"2022-02-09T21:00:04","modified_gmt":"2022-02-09T20:00:04","slug":"datenschutzinformation-fuer-bewerber","status":"publish","type":"page","link":"https:\/\/www.wg-elsterstrand.de\/wg-elsterstrand\/datenschutzinformation-fuer-bewerber\/","title":{"rendered":"Datenschutzinformation f\u00fcr Bewerber"},"content":{"rendered":"\n<p id=\"datenschutzinformation-nach-artikel-13-dsgvo-fur-bewerber\"><u>Datenschutzinformation nach Artikel 13 DSGVO f\u00fcr Bewerber<\/u><\/p>\n\n\n\n<p><strong>\u00a7 1 Information \u00fcber die Erhebung personenbezogener Daten<\/strong><\/p>\n\n\n\n<p>(1) Im Folgenden informieren wir \u00fcber die Erhebung personenbezogener Daten bei der Bewerbung in unserem Unternehmen. Personenbezogene Daten sind alle Daten, die auf Sie pers\u00f6nlich beziehbar sind, z.\u2009B. Name, Adresse, E-Mail-Adressen, Telefonnummer, bildliche Darstellung (Lichtbild).<\/p>\n\n\n\n<p>(2) Verantwortlicher gem. Art.&nbsp;4 Abs.&nbsp;7 EU-Datenschutz-Grundverordnung (DS-GVO) ist:<\/p>\n\n\n\n<p><strong>Wohnungsgenossenschaft \u201cElsterstrand\u201d e.G.<br><\/strong>Kastenbreite 9, 04916 Herzberg<br>E- Mail: info@wg-elsterstrand.de<br>Telefon: +49 (0) 3535 \/ 6071<\/p>\n\n\n\n<p>Unsere Datenschutzbeauftragte &#8211; Frau Anja Schwager &#8211; erreichen Sie unter<\/p>\n\n\n\n<p>DSKC Datenschutz- Arbeitssicherheit- Kompetenz- Center GmbH<br>Sielower Landstra\u00dfe 68, 03044 Cottbus<br>E- Mail: <a href=\"mailto:info@dskc.de\">info@dskc.de<\/a><br>Telefon: 0355\/48679410<\/p>\n\n\n\n<p>(3) Informationsauskunft zu Ihrer Bewerbung sind zu richten an den angegebenen Kontakt in der Stellenanzeige bzw. an die Personalabteilung<\/p>\n\n\n\n<p>(4) Bei Ihrer Kontaktaufnahme mit uns per E-Mail, \u00fcber ein Kontaktformular oder per Post werden die von Ihnen mitgeteilten Daten (Ihre E-Mail-Adresse, Ihr Name und Ihre Telefonnummer, Ihre Anschrift) und Dokumente (Z.B.: Lebenslauf, Zeugnisse, Anschreiben) von uns gespeichert, um Ihre Bewerbung bearbeiten zu k\u00f6nnen.<\/p>\n\n\n\n<p>(5) Die in diesem Zusammenhang anfallenden Daten l\u00f6schen wir, nachdem die Speicherung nicht mehr erforderlich ist. Papierakten werden dann datenschutzkonform vernichtet. Sollten Sie im Rahmen des Bewerbungsverfahrens den Zuschlag f\u00fcr eine Stelle erhalten, werden die Daten aus dem Bewerbungsverfahren in das Personalinformationssystem \u00fcbernommen.<\/p>\n\n\n\n<p><strong>\u00a7 2 Ihre Rechte<\/strong><\/p>\n\n\n\n<p>(1) Sie haben gegen\u00fcber uns gem\u00e4\u00df Art. 13 Abs. 2 lit b DS-GVO folgende Rechte hinsichtlich der Sie betreffenden personenbezogenen Daten:<\/p>\n\n\n\n<ul class=\"wp-block-list\"><li>Recht auf Auskunft,<\/li><li>Recht auf Berichtigung oder L\u00f6schung,<\/li><li>Recht auf Einschr\u00e4nkung der Verarbeitung,<\/li><li>Recht auf Widerspruch gegen die Verarbeitung,<\/li><li>Recht auf Daten\u00fcbertragbarkeit.<\/li><\/ul>\n\n\n\n<p>(2) Sie haben zudem das Recht, sich bei einer Datenschutz-Aufsichtsbeh\u00f6rde \u00fcber eine unzul\u00e4ssige Verarbeitung Ihrer personenbezogenen Daten durch uns zu beschweren.<\/p>\n\n\n\n<p><strong>\u00a7 3 Die rechtliche Grundlage der Verarbeitung<\/strong><\/p>\n\n\n\n<p>(1) Ihre Daten werden auf Grund des Art. 6 Abs. 1 lit. b DS-GVO zur Durchf\u00fchrung vorvertraglicher Ma\u00dfnahmen, die auf Anfrage der betroffenen Person erfolgen, verarbeitet.<\/p>\n\n\n\n<p>(2) Die Speicherung Ihrer Daten bis 6 Monate nach Abschluss des Bewerbungsverfahrens erfolgt auf Grundlage des Art. 6 Abs.1 lit. f zur Wahrung berechtigter Interessen. Unsere Interessen sind die Geltendmachung oder Abwehr von Anspr\u00fcchen.<\/p>\n\n\n\n<p><strong>\u00a7 4 Wer bekommt Ihre Daten<\/strong><\/p>\n\n\n\n<p>(1) Ihre Daten werden im Bewerbungsprozess ausschlie\u00dflich im Personalbereich und bei den Verantwortlichen der ausgeschriebenen Stelle verarbeitet und verlassen unser Unternehmen nicht. Zugriff auf Ihre Daten haben nur Personen, die in den Auswahlprozess eingebunden sind.<\/p>\n\n\n\n<p>(2) Falls zwischenzeitlich weitere Stellen bei uns zu besetzten sind, werden wir Sie informieren und um Ihr Einverst\u00e4ndnis zur Datenweitergabe bitten. Vor Ihrer Zustimmung werden keine Daten weitergegeben.<\/p>\n\n\n\n<p><strong>\u00a7 5 Dauer der Speicherung personenbezogener Daten<\/strong><\/p>\n\n\n\n<p>Die Dauer der Speicherung von personenbezogenen Daten bemisst sich anhand der jeweiligen gesetzlichen Aufbewahrungsfrist (z.B. handels- und steuerrechtliche Aufbewahrungsfristen). Nach Ablauf der Frist werden die entsprechenden Daten routinem\u00e4\u00dfig gel\u00f6scht, sofern sie nicht mehr zur Vertragserf\u00fcllung oder Vertragsanbahnung erforderlich sind und\/oder unsererseits kein berechtigtes Interesse an der Weiterspeicherung fortbesteht.<\/p>\n","protected":false},"excerpt":{"rendered":"<p>Datenschutzinformation nach Artikel 13 DSGVO f\u00fcr Bewerber \u00a7 1 Information \u00fcber die Erhebung personenbezogener Daten (1) Im Folgenden informieren wir \u00fcber die Erhebung personenbezogener Daten bei der Bewerbung in unserem Unternehmen. Personenbezogene Daten sind alle Daten, die auf Sie pers\u00f6nlich beziehbar sind, z.\u2009B. Name, Adresse, E-Mail-Adressen, Telefonnummer, bildliche Darstellung (Lichtbild). (2) Verantwortlicher gem. Art.&nbsp;4 Abs.&nbsp;7 [&hellip;]<\/p>\n","protected":false},"author":1,"featured_media":0,"parent":0,"menu_order":0,"comment_status":"closed","ping_status":"closed","template":"","meta":{"_eb_attr":"","ocean_post_layout":"","ocean_both_sidebars_style":"","ocean_both_sidebars_content_width":0,"ocean_both_sidebars_sidebars_width":0,"ocean_sidebar":"","ocean_second_sidebar":"","ocean_disable_margins":"enable","ocean_add_body_class":"","ocean_shortcode_before_top_bar":"","ocean_shortcode_after_top_bar":"","ocean_shortcode_before_header":"","ocean_shortcode_after_header":"","ocean_has_shortcode":"","ocean_shortcode_after_title":"","ocean_shortcode_before_footer_widgets":"","ocean_shortcode_after_footer_widgets":"","ocean_shortcode_before_footer_bottom":"","ocean_shortcode_after_footer_bottom":"","ocean_display_top_bar":"default","ocean_display_header":"default","ocean_header_style":"","ocean_center_header_left_menu":"","ocean_custom_header_template":"","ocean_custom_logo":0,"ocean_custom_retina_logo":0,"ocean_custom_logo_max_width":0,"ocean_custom_logo_tablet_max_width":0,"ocean_custom_logo_mobile_max_width":0,"ocean_custom_logo_max_height":0,"ocean_custom_logo_tablet_max_height":0,"ocean_custom_logo_mobile_max_height":0,"ocean_header_custom_menu":"","ocean_menu_typo_font_family":"","ocean_menu_typo_font_subset":"","ocean_menu_typo_font_size":0,"ocean_menu_typo_font_size_tablet":0,"ocean_menu_typo_font_size_mobile":0,"ocean_menu_typo_font_size_unit":"px","ocean_menu_typo_font_weight":"","ocean_menu_typo_font_weight_tablet":"","ocean_menu_typo_font_weight_mobile":"","ocean_menu_typo_transform":"","ocean_menu_typo_transform_tablet":"","ocean_menu_typo_transform_mobile":"","ocean_menu_typo_line_height":0,"ocean_menu_typo_line_height_tablet":0,"ocean_menu_typo_line_height_mobile":0,"ocean_menu_typo_line_height_unit":"","ocean_menu_typo_spacing":0,"ocean_menu_typo_spacing_tablet":0,"ocean_menu_typo_spacing_mobile":0,"ocean_menu_typo_spacing_unit":"","ocean_menu_link_color":"","ocean_menu_link_color_hover":"","ocean_menu_link_color_active":"","ocean_menu_link_background":"","ocean_menu_link_hover_background":"","ocean_menu_link_active_background":"","ocean_menu_social_links_bg":"","ocean_menu_social_hover_links_bg":"","ocean_menu_social_links_color":"","ocean_menu_social_hover_links_color":"","ocean_disable_title":"default","ocean_disable_heading":"default","ocean_post_title":"","ocean_post_subheading":"","ocean_post_title_style":"","ocean_post_title_background_color":"","ocean_post_title_background":0,"ocean_post_title_bg_image_position":"","ocean_post_title_bg_image_attachment":"","ocean_post_title_bg_image_repeat":"","ocean_post_title_bg_image_size":"","ocean_post_title_height":0,"ocean_post_title_bg_overlay":0.5,"ocean_post_title_bg_overlay_color":"","ocean_disable_breadcrumbs":"default","ocean_breadcrumbs_color":"","ocean_breadcrumbs_separator_color":"","ocean_breadcrumbs_links_color":"","ocean_breadcrumbs_links_hover_color":"","ocean_display_footer_widgets":"default","ocean_display_footer_bottom":"default","ocean_custom_footer_template":"","footnotes":""},"class_list":["post-564","page","type-page","status-publish","hentry","entry"],"_links":{"self":[{"href":"https:\/\/www.wg-elsterstrand.de\/wg-elsterstrand\/wp-json\/wp\/v2\/pages\/564","targetHints":{"allow":["GET"]}}],"collection":[{"href":"https:\/\/www.wg-elsterstrand.de\/wg-elsterstrand\/wp-json\/wp\/v2\/pages"}],"about":[{"href":"https:\/\/www.wg-elsterstrand.de\/wg-elsterstrand\/wp-json\/wp\/v2\/types\/page"}],"author":[{"embeddable":true,"href":"https:\/\/www.wg-elsterstrand.de\/wg-elsterstrand\/wp-json\/wp\/v2\/users\/1"}],"replies":[{"embeddable":true,"href":"https:\/\/www.wg-elsterstrand.de\/wg-elsterstrand\/wp-json\/wp\/v2\/comments?post=564"}],"version-history":[{"count":3,"href":"https:\/\/www.wg-elsterstrand.de\/wg-elsterstrand\/wp-json\/wp\/v2\/pages\/564\/revisions"}],"predecessor-version":[{"id":588,"href":"https:\/\/www.wg-elsterstrand.de\/wg-elsterstrand\/wp-json\/wp\/v2\/pages\/564\/revisions\/588"}],"wp:attachment":[{"href":"https:\/\/www.wg-elsterstrand.de\/wg-elsterstrand\/wp-json\/wp\/v2\/media?parent=564"}],"curies":[{"name":"wp","href":"https:\/\/api.w.org\/{rel}","templated":true}]}}