{"id":561,"date":"2021-12-18T22:54:22","date_gmt":"2021-12-18T21:54:22","guid":{"rendered":"https:\/\/www.wg-elsterstrand.de\/wg-elsterstrand\/?page_id=561"},"modified":"2022-02-09T21:01:38","modified_gmt":"2022-02-09T20:01:38","slug":"datenschutzinformationen-fuer-mieter-mietinteressenten","status":"publish","type":"page","link":"https:\/\/www.wg-elsterstrand.de\/wg-elsterstrand\/datenschutzinformationen-fuer-mieter-mietinteressenten\/","title":{"rendered":"Datenschutzinformationen f\u00fcr Mieter\/Mietinteressenten"},"content":{"rendered":"\n<p id=\"datenschutzinformation-nach-art-13-dsgvo\"><u>Datenschutzinformation nach Art. 13 DSGVO <\/u><\/p>\n\n\n\n<p><strong>\u00a7 1 Information \u00fcber die Erhebung personenbezogener Daten<\/strong><\/p>\n\n\n\n<p>(1) Im Folgenden informieren wir Sie \u00fcber die Verarbeitung Ihrer personenbezogenen Daten gem\u00e4\u00df Art. 13 Datenschutz-Grundverordnung (DSGVO) und die Ihnen nach dem Datenschutzrecht zustehenden Rechte. Personenbezogene Daten sind alle Daten, die auf Sie pers\u00f6nlich beziehbar sind, z.\u2009B. Name, Adresse, E-Mail-Adressen\u2026.<\/p>\n\n\n\n<p>(2) Verantwortlicher gem. Art.&nbsp;4 Abs.&nbsp;7 EU-Datenschutz-Grundverordnung (DSGVO) ist:<\/p>\n\n\n\n<p><strong>Wohnungsgenossenschaft \u201cElsterstrand\u201d e.G.<br><\/strong>Kastenbreite 9, 04916 Herzberg<br>E- Mail: <a href=\"mailto:info@wg-elsterstrand.de\">info@wg-elsterstrand.de<\/a>, Telefon: +49 (0) 3535 \/ 6071<\/p>\n\n\n\n<p>Unsere Datenschutzbeauftragte &#8211; Frau Anja Schwager &#8211; erreichen Sie unter:<\/p>\n\n\n\n<p>DSKC Datenschutz- Arbeitssicherheit- Kompetenz- Center GmbH<br>Sielower Landstra\u00dfe 68, 03044 Cottbus<br>E- Mail: <a href=\"mailto:info@dskc.de\">info@dskc.de<\/a><br>Telefon: 0355\/ 48679410<\/p>\n\n\n\n<p><strong>\u00a7 2 F\u00fcr welche Zwecke und auf welcher Rechtsgrundlage werden Daten verarbeitet?<\/strong><\/p>\n\n\n\n<p>Wir verarbeiten Ihre personenbezogenen Daten unter Beachtung der Bestimmungen der DSGVO, des Bundesdatenschutzgesetzes (BDSG) sowie aller weiteren ma\u00dfgeblichen Gesetze.<\/p>\n\n\n\n<p>In erster Linie dient die Datenverarbeitung der Anbahnung bzw. der Durchf\u00fchrung eines Mietvertrages, der Erstellung von Angeboten bzw. der Rechnungslegung. Die vorrangige Rechtsgrundlage hierf\u00fcr ist Art. 6 Absatz 1 Satz 1b), c) und f) DSGVO.<\/p>\n\n\n\n<p>Daneben k\u00f6nnen ggf. Ihre gesonderten Einwilligungen gem. Art. 6 Absatz 1 Satz 1a), Art. 7 DSGVO als datenschutzrechtliche Erlaubnisvorschrift herangezogen werden.<\/p>\n\n\n\n<p><strong>\u00a7 3 Welche Datenkategorien nutzen wir und woher stammen diese?<\/strong><\/p>\n\n\n\n<p>Bei Ihrer Kontaktaufnahme mit uns werden die von Ihnen mitgeteilten Stammdaten, wie Vorname, Nachname, Namenszus\u00e4tze, Firmenname etc., verarbeitet.&nbsp; Zur Anbahnung bzw. Durchf\u00fchrung eines Mietvertrages erheben wir zus\u00e4tzliche Daten, wie Anschrift, Telefonnummer, E-Mail-Adresse, Anzahl der im Haushalt lebenden Personen, Einkommensverh\u00e4ltnisse und Beruf, aktive bzw. inaktive Verbraucherinsolvenzdaten, Kontodaten, Verbrauchsdaten, Daten der Betriebskosten, Mietkontenverwaltungsdaten, Mietschuldenfreiheitserkl\u00e4rungen etc., um Ihre Fragen zu beantworten bzw. um die Verpflichtung eines beiderseitigen Mitverh\u00e4ltnisses zu erf\u00fcllen.<\/p>\n\n\n\n<p>Die in diesem Zusammenhang anfallenden Daten l\u00f6schen wir, nachdem die Speicherung nicht mehr erforderlich ist, oder schr\u00e4nken die Verarbeitung ein, falls gesetzliche Aufbewahrungspflichten bestehen.<\/p>\n\n\n\n<p>Ihre personenbezogenen Daten werden in aller Regel im Rahmen mit der ersten Kontaktaufnahme (z.B. per Mail, per Visitenkarte, per Post\u2026) erhoben. Zum Teil erheben wir auch personenbezogene Daten aus \u00f6ffentlich zug\u00e4nglichen Quellen (z.B. Internet, beruflichen Netzwerken).<\/p>\n\n\n\n<p><strong>\u00a7 4 Wer bekommt Ihre Daten?<\/strong><\/p>\n\n\n\n<p>Innerhalb unseres Unternehmens erhalten nur die Personen und Stellen (z.B. Fachbereich) Ihre personenbezogenen Daten, die diese zur Erf\u00fcllung unserer Aufgaben ben\u00f6tigen.<\/p>\n\n\n\n<p>Sollte zur Auftragserf\u00fcllung die Datenweitergabe an Subunternehmen notwendig sein, werden wir Sie hier\u00fcber vorab informieren.<\/p>\n\n\n\n<p><strong>\u00a7 5 Ihre Rechte<\/strong><\/p>\n\n\n\n<p>Sie haben gegen\u00fcber uns gem\u00e4\u00df \u00a7 13 Abs. 2 lit b DSGVO folgende Rechte hinsichtlich der Sie betreffenden personenbezogenen Daten:<\/p>\n\n\n\n<ul class=\"wp-block-list\"><li>&nbsp;Recht auf Auskunft,<\/li><li>&nbsp;Recht auf Berichtigung oder L\u00f6schung,<\/li><li>&nbsp;Recht auf Einschr\u00e4nkung der Verarbeitung,<\/li><li>&nbsp;Recht auf Widerspruch gegen die Verarbeitung,<\/li><li>&nbsp;Recht auf Daten\u00fcbertragbarkeit.<\/li><\/ul>\n\n\n\n<p>Sie haben zudem das Recht, sich bei einer Datenschutz-Aufsichtsbeh\u00f6rde \u00fcber eine unzul\u00e4ssige Verarbeitung Ihrer personenbezogenen Daten durch uns zu beschweren.<\/p>\n\n\n\n<p><strong>\u00a0\u00a7 <\/strong><strong>6 Dauer der Speicherung personenbezogener Daten<\/strong><\/p>\n\n\n\n<p>Die Dauer der Speicherung von personenbezogenen Daten bemisst sich anhand der jeweiligen gesetzlichen Aufbewahrungsfrist (z.B. miet-, handels- und steuerrechtliche Aufbewahrungsfristen). Nach Ablauf der Frist werden die entsprechenden Daten routinem\u00e4\u00dfig gel\u00f6scht, sofern sie nicht mehr zur Vertragserf\u00fcllung oder Vertragsanbahnung erforderlich sind und\/oder unsererseits kein berechtigtes Interesse an der Weiterspeicherung fortbesteht.<\/p>\n","protected":false},"excerpt":{"rendered":"<p>Datenschutzinformation nach Art. 13 DSGVO \u00a7 1 Information \u00fcber die Erhebung personenbezogener Daten (1) Im Folgenden informieren wir Sie \u00fcber die Verarbeitung Ihrer personenbezogenen Daten gem\u00e4\u00df Art. 13 Datenschutz-Grundverordnung (DSGVO) und die Ihnen nach dem Datenschutzrecht zustehenden Rechte. Personenbezogene Daten sind alle Daten, die auf Sie pers\u00f6nlich beziehbar sind, z.\u2009B. Name, Adresse, E-Mail-Adressen\u2026. (2) Verantwortlicher [&hellip;]<\/p>\n","protected":false},"author":1,"featured_media":0,"parent":0,"menu_order":0,"comment_status":"closed","ping_status":"closed","template":"","meta":{"_eb_attr":"","ocean_post_layout":"","ocean_both_sidebars_style":"","ocean_both_sidebars_content_width":0,"ocean_both_sidebars_sidebars_width":0,"ocean_sidebar":"","ocean_second_sidebar":"","ocean_disable_margins":"enable","ocean_add_body_class":"","ocean_shortcode_before_top_bar":"","ocean_shortcode_after_top_bar":"","ocean_shortcode_before_header":"","ocean_shortcode_after_header":"","ocean_has_shortcode":"","ocean_shortcode_after_title":"","ocean_shortcode_before_footer_widgets":"","ocean_shortcode_after_footer_widgets":"","ocean_shortcode_before_footer_bottom":"","ocean_shortcode_after_footer_bottom":"","ocean_display_top_bar":"default","ocean_display_header":"default","ocean_header_style":"","ocean_center_header_left_menu":"","ocean_custom_header_template":"","ocean_custom_logo":0,"ocean_custom_retina_logo":0,"ocean_custom_logo_max_width":0,"ocean_custom_logo_tablet_max_width":0,"ocean_custom_logo_mobile_max_width":0,"ocean_custom_logo_max_height":0,"ocean_custom_logo_tablet_max_height":0,"ocean_custom_logo_mobile_max_height":0,"ocean_header_custom_menu":"","ocean_menu_typo_font_family":"","ocean_menu_typo_font_subset":"","ocean_menu_typo_font_size":0,"ocean_menu_typo_font_size_tablet":0,"ocean_menu_typo_font_size_mobile":0,"ocean_menu_typo_font_size_unit":"px","ocean_menu_typo_font_weight":"","ocean_menu_typo_font_weight_tablet":"","ocean_menu_typo_font_weight_mobile":"","ocean_menu_typo_transform":"","ocean_menu_typo_transform_tablet":"","ocean_menu_typo_transform_mobile":"","ocean_menu_typo_line_height":0,"ocean_menu_typo_line_height_tablet":0,"ocean_menu_typo_line_height_mobile":0,"ocean_menu_typo_line_height_unit":"","ocean_menu_typo_spacing":0,"ocean_menu_typo_spacing_tablet":0,"ocean_menu_typo_spacing_mobile":0,"ocean_menu_typo_spacing_unit":"","ocean_menu_link_color":"","ocean_menu_link_color_hover":"","ocean_menu_link_color_active":"","ocean_menu_link_background":"","ocean_menu_link_hover_background":"","ocean_menu_link_active_background":"","ocean_menu_social_links_bg":"","ocean_menu_social_hover_links_bg":"","ocean_menu_social_links_color":"","ocean_menu_social_hover_links_color":"","ocean_disable_title":"default","ocean_disable_heading":"default","ocean_post_title":"","ocean_post_subheading":"","ocean_post_title_style":"","ocean_post_title_background_color":"","ocean_post_title_background":0,"ocean_post_title_bg_image_position":"","ocean_post_title_bg_image_attachment":"","ocean_post_title_bg_image_repeat":"","ocean_post_title_bg_image_size":"","ocean_post_title_height":0,"ocean_post_title_bg_overlay":0.5,"ocean_post_title_bg_overlay_color":"","ocean_disable_breadcrumbs":"default","ocean_breadcrumbs_color":"","ocean_breadcrumbs_separator_color":"","ocean_breadcrumbs_links_color":"","ocean_breadcrumbs_links_hover_color":"","ocean_display_footer_widgets":"default","ocean_display_footer_bottom":"default","ocean_custom_footer_template":"","footnotes":""},"class_list":["post-561","page","type-page","status-publish","hentry","entry"],"_links":{"self":[{"href":"https:\/\/www.wg-elsterstrand.de\/wg-elsterstrand\/wp-json\/wp\/v2\/pages\/561","targetHints":{"allow":["GET"]}}],"collection":[{"href":"https:\/\/www.wg-elsterstrand.de\/wg-elsterstrand\/wp-json\/wp\/v2\/pages"}],"about":[{"href":"https:\/\/www.wg-elsterstrand.de\/wg-elsterstrand\/wp-json\/wp\/v2\/types\/page"}],"author":[{"embeddable":true,"href":"https:\/\/www.wg-elsterstrand.de\/wg-elsterstrand\/wp-json\/wp\/v2\/users\/1"}],"replies":[{"embeddable":true,"href":"https:\/\/www.wg-elsterstrand.de\/wg-elsterstrand\/wp-json\/wp\/v2\/comments?post=561"}],"version-history":[{"count":4,"href":"https:\/\/www.wg-elsterstrand.de\/wg-elsterstrand\/wp-json\/wp\/v2\/pages\/561\/revisions"}],"predecessor-version":[{"id":590,"href":"https:\/\/www.wg-elsterstrand.de\/wg-elsterstrand\/wp-json\/wp\/v2\/pages\/561\/revisions\/590"}],"wp:attachment":[{"href":"https:\/\/www.wg-elsterstrand.de\/wg-elsterstrand\/wp-json\/wp\/v2\/media?parent=561"}],"curies":[{"name":"wp","href":"https:\/\/api.w.org\/{rel}","templated":true}]}}