{"id":4,"date":"2016-08-05T21:11:30","date_gmt":"2016-08-05T19:11:30","guid":{"rendered":"https:\/\/www.wg-elsterstrand.de\/wg-elsterstrand\/?page_id=4"},"modified":"2026-04-01T20:50:20","modified_gmt":"2026-04-01T18:50:20","slug":"ueber-uns","status":"publish","type":"page","link":"https:\/\/www.wg-elsterstrand.de\/wg-elsterstrand\/","title":{"rendered":""},"content":{"rendered":"\n<p class=\"has-background\" style=\"background-color:#d9d9d9\"><img loading=\"lazy\" decoding=\"async\" height=\"16\" width=\"16\" src=\"https:\/\/static.xx.fbcdn.net\/images\/emoji.php\/v9\/tba\/1\/16\/1f4e3.png\" alt=\"\ud83d\udce3\"> <strong>ACHTUNG \u2013 NEUE SPRECHZEITEN AB 01.07.2025!<\/strong> <img loading=\"lazy\" decoding=\"async\" height=\"16\" width=\"16\" src=\"https:\/\/static.xx.fbcdn.net\/images\/emoji.php\/v9\/t5c\/1\/16\/1f5d3.png\" alt=\"\ud83d\uddd3\ufe0f\"><br>Bitte beachten Sie unsere ge\u00e4nderten \u00d6ffnungszeiten:<br><img loading=\"lazy\" decoding=\"async\" height=\"16\" width=\"16\" src=\"https:\/\/static.xx.fbcdn.net\/images\/emoji.php\/v9\/tb0\/1\/16\/1f558.png\" alt=\"\ud83d\udd58\"> Dienstag: 9:00 \u2013 12:00 Uhr &amp; 13:00 \u2013 16:00 Uhr<br><img loading=\"lazy\" decoding=\"async\" height=\"16\" width=\"16\" src=\"https:\/\/static.xx.fbcdn.net\/images\/emoji.php\/v9\/tb0\/1\/16\/1f558.png\" alt=\"\ud83d\udd58\"> Donnerstag: 9:00 \u2013 12:00 Uhr &amp; 13:00 \u2013 17:00 Uhr<br><img loading=\"lazy\" decoding=\"async\" height=\"16\" width=\"16\" src=\"https:\/\/static.xx.fbcdn.net\/images\/emoji.php\/v9\/t7e\/1\/16\/1f4c5.png\" alt=\"\ud83d\udcc5\"> Termine sind auch nach Vereinbarung m\u00f6glich!<br>Wir freuen uns auf Ihren Besuch!<\/p>\n\n\n\n<p class=\"has-background\" style=\"background-color:#d9d9d9\"><img loading=\"lazy\" decoding=\"async\" height=\"16\" width=\"16\" src=\"https:\/\/static.xx.fbcdn.net\/images\/emoji.php\/v9\/t30\/1\/16\/1f514.png\" alt=\"\ud83d\udd14\"><strong> WICHTIGE INFORMATION F\u00dcR UNSERE MIETERINNEN &amp; MIETER!<\/strong> <img loading=\"lazy\" decoding=\"async\" height=\"16\" width=\"16\" src=\"https:\/\/static.xx.fbcdn.net\/images\/emoji.php\/v9\/t30\/1\/16\/1f514.png\" alt=\"\ud83d\udd14\"><br>Liebe Mieterinnen und Mieter, <br>aus aktuellem Anlass m\u00f6chten wir Sie nochmals auf Folgendes hinweisen:<br><img loading=\"lazy\" decoding=\"async\" height=\"16\" width=\"16\" src=\"https:\/\/static.xx.fbcdn.net\/images\/emoji.php\/v9\/t4d\/1\/16\/1f4de.png\" alt=\"\ud83d\udcde\"> <strong>Notfallnummern<\/strong><br>Die Rufnummern der Fremdfirmen und Hausmeister sind ausschlie\u00dflich f\u00fcr echte Notf\u00e4lle (z. B. Rohrbruch) gedacht!<br><img loading=\"lazy\" decoding=\"async\" height=\"16\" width=\"16\" src=\"https:\/\/static.xx.fbcdn.net\/images\/emoji.php\/v9\/tb9\/1\/16\/1f6e0.png\" alt=\"\ud83d\udee0\ufe0f\"> <strong>Reparaturauftr\u00e4ge<\/strong><br><img loading=\"lazy\" decoding=\"async\" height=\"16\" width=\"16\" src=\"https:\/\/static.xx.fbcdn.net\/images\/emoji.php\/v9\/t9e\/1\/16\/27a1.png\" alt=\"\u27a1\ufe0f\"> Reparaturen, die kein Notfall sind (z. B. defekte Jalousien), d\u00fcrfen nicht selbstst\u00e4ndig bei Fremdfirmen beauftragt werden.<br><img loading=\"lazy\" decoding=\"async\" height=\"16\" width=\"16\" src=\"https:\/\/static.xx.fbcdn.net\/images\/emoji.php\/v9\/t9e\/1\/16\/27a1.png\" alt=\"\u27a1\ufe0f\"> Solche Kosten werden Ihnen sonst in Rechnung gestellt.<br><img loading=\"lazy\" decoding=\"async\" height=\"16\" width=\"16\" src=\"https:\/\/static.xx.fbcdn.net\/images\/emoji.php\/v9\/t9e\/1\/16\/27a1.png\" alt=\"\u27a1\ufe0f\"> Alle anderen Reparaturen bitte ausschlie\u00dflich \u00fcber uns melden.<br><strong>So melden Sie Reparaturen korrekt an:<\/strong><br><img loading=\"lazy\" decoding=\"async\" height=\"16\" width=\"16\" src=\"https:\/\/static.xx.fbcdn.net\/images\/emoji.php\/v9\/t4d\/1\/16\/1f4de.png\" alt=\"\ud83d\udcde\"> Telefonisch: 03535 \u2013 6071<br><img loading=\"lazy\" decoding=\"async\" height=\"16\" width=\"16\" src=\"https:\/\/static.xx.fbcdn.net\/images\/emoji.php\/v9\/t2f\/1\/16\/1f557.png\" alt=\"\ud83d\udd57\"> Montag bis Freitag, 8:00 \u2013 11:00 Uhr<br><img loading=\"lazy\" decoding=\"async\" height=\"16\" width=\"16\" src=\"https:\/\/static.xx.fbcdn.net\/images\/emoji.php\/v9\/tbe\/1\/16\/1f4e7.png\" alt=\"\ud83d\udce7\"> Per E-Mail: reparatur@wg-elsterstrand.de<br>Vielen Dank f\u00fcr Ihr Verst\u00e4ndnis und Ihre Mithilfe.<\/p>\n\n\n\n<figure class=\"wp-block-image size-large\"><img loading=\"lazy\" decoding=\"async\" width=\"1024\" height=\"676\" src=\"https:\/\/www.wg-elsterstrand.de\/wg-elsterstrand\/wp-content\/uploads\/2023\/07\/Senioren-WG-1024x676.jpg\" alt=\"\" class=\"wp-image-1161\" srcset=\"https:\/\/www.wg-elsterstrand.de\/wg-elsterstrand\/wp-content\/uploads\/2023\/07\/Senioren-WG-1024x676.jpg 1024w, https:\/\/www.wg-elsterstrand.de\/wg-elsterstrand\/wp-content\/uploads\/2023\/07\/Senioren-WG-300x198.jpg 300w, https:\/\/www.wg-elsterstrand.de\/wg-elsterstrand\/wp-content\/uploads\/2023\/07\/Senioren-WG-768x507.jpg 768w, https:\/\/www.wg-elsterstrand.de\/wg-elsterstrand\/wp-content\/uploads\/2023\/07\/Senioren-WG-1536x1014.jpg 1536w, https:\/\/www.wg-elsterstrand.de\/wg-elsterstrand\/wp-content\/uploads\/2023\/07\/Senioren-WG-2048x1352.jpg 2048w\" sizes=\"auto, (max-width: 1024px) 100vw, 1024px\" \/><\/figure>\n\n\n\n<div class=\"wp-block-media-text alignwide has-media-on-the-right is-stacked-on-mobile is-vertically-aligned-center has-background\" style=\"background-color:#dedede;grid-template-columns:auto 43%\"><div class=\"wp-block-media-text__content\">\n<div class=\"wp-block-group\" style=\"padding-top:2em;padding-right:2em;padding-bottom:2em;padding-left:2em\"><div class=\"wp-block-group__inner-container is-layout-flow wp-block-group-is-layout-flow\">\n<p class=\"has-extra-small-font-size\"><strong>Was Sie interessieren wird&#8230;<\/strong><\/p>\n\n\n\n<ul class=\"wp-block-list\">\n<li>wir&nbsp;bewirtschaften <strong>ca. 920 preiswerte Wohnunge<\/strong>n in verschiedenen Wohngebieten der Stadt Herzberg f\u00fcr Alt und Jung<\/li>\n\n\n\n<li>s\u00e4mtliche Wohnungen sind <strong>voll modernisiert<\/strong>, verf\u00fcgen \u00fcber ein sch\u00f6nes <strong>Bad <\/strong>sowie eine <strong>zentrale Heizung<\/strong><\/li>\n\n\n\n<li>besonders <strong>g\u00fcnstige Konditionen<\/strong> f\u00fcr <strong>Auszubildende <\/strong>und <strong>Mietverh\u00e4ltnisse auf Zeit<\/strong><\/li>\n\n\n\n<li>Einkaufsm\u00f6glichkeiten jeweils in der N\u00e4he der Wohngebiete vorhanden<\/li>\n\n\n\n<li>mehrere Kindereinrichtungen sowie alle Schulformen in Herzberg vertreten<\/li>\n<\/ul>\n<\/div><\/div>\n<\/div><figure class=\"wp-block-media-text__media\"><img loading=\"lazy\" decoding=\"async\" width=\"1024\" height=\"681\" src=\"https:\/\/www.wg-elsterstrand.de\/wg-elsterstrand\/wp-content\/uploads\/2023\/03\/IMGP9046-1024x681.jpg\" alt=\"\" class=\"wp-image-936 size-full\" srcset=\"https:\/\/www.wg-elsterstrand.de\/wg-elsterstrand\/wp-content\/uploads\/2023\/03\/IMGP9046-1024x681.jpg 1024w, https:\/\/www.wg-elsterstrand.de\/wg-elsterstrand\/wp-content\/uploads\/2023\/03\/IMGP9046-300x199.jpg 300w, https:\/\/www.wg-elsterstrand.de\/wg-elsterstrand\/wp-content\/uploads\/2023\/03\/IMGP9046-768x511.jpg 768w, https:\/\/www.wg-elsterstrand.de\/wg-elsterstrand\/wp-content\/uploads\/2023\/03\/IMGP9046-1536x1021.jpg 1536w, https:\/\/www.wg-elsterstrand.de\/wg-elsterstrand\/wp-content\/uploads\/2023\/03\/IMGP9046-2048x1362.jpg 2048w\" sizes=\"auto, (max-width: 1024px) 100vw, 1024px\" \/><\/figure><\/div>\n\n\n\n<hr class=\"wp-block-separator has-text-color has-white-color has-alpha-channel-opacity has-white-background-color has-background is-style-wide\"\/>\n\n\n\n<div class=\"wp-block-media-text alignwide is-stacked-on-mobile is-vertically-aligned-center has-background\" style=\"background-color:#dedede;grid-template-columns:43% auto\"><figure class=\"wp-block-media-text__media\"><img loading=\"lazy\" decoding=\"async\" width=\"1024\" height=\"768\" src=\"https:\/\/www.wg-elsterstrand.de\/wg-elsterstrand\/wp-content\/uploads\/2023\/10\/IMG_1668-1024x768.jpg\" alt=\"\" class=\"wp-image-1256 size-full\" srcset=\"https:\/\/www.wg-elsterstrand.de\/wg-elsterstrand\/wp-content\/uploads\/2023\/10\/IMG_1668-1024x768.jpg 1024w, https:\/\/www.wg-elsterstrand.de\/wg-elsterstrand\/wp-content\/uploads\/2023\/10\/IMG_1668-300x225.jpg 300w, https:\/\/www.wg-elsterstrand.de\/wg-elsterstrand\/wp-content\/uploads\/2023\/10\/IMG_1668-768x576.jpg 768w, https:\/\/www.wg-elsterstrand.de\/wg-elsterstrand\/wp-content\/uploads\/2023\/10\/IMG_1668-1536x1152.jpg 1536w, https:\/\/www.wg-elsterstrand.de\/wg-elsterstrand\/wp-content\/uploads\/2023\/10\/IMG_1668-2048x1536.jpg 2048w\" sizes=\"auto, (max-width: 1024px) 100vw, 1024px\" \/><\/figure><div class=\"wp-block-media-text__content\">\n<div class=\"wp-block-group\" style=\"padding-top:2em;padding-right:2em;padding-bottom:2em;padding-left:2em\"><div class=\"wp-block-group__inner-container is-layout-flow wp-block-group-is-layout-flow\">\n<p><strong>Es freuen sich auf Sie:<\/strong><\/p>\n\n\n\n<ul class=\"wp-block-list\">\n<li><strong>Frau Diana Maresch<\/strong>&nbsp;(Kaufm\u00e4nnischer Vorstand)&nbsp;&nbsp;&nbsp;<\/li>\n\n\n\n<li><strong>Herr Patrick Zetzmann<\/strong>&nbsp;(Technischer Vorstand)<\/li>\n\n\n\n<li><strong>Frau Mandy Kr\u00fcger<\/strong>\u00a0(Assistenz des Vorstandes)<br>Tel. 03535 2480682<\/li>\n\n\n\n<li><strong>Herr Alexander Methe<\/strong> (Wohnungsvermietung)<br>Tel. 035352480681<\/li>\n\n\n\n<li><strong>Frau Kathleen Gall<\/strong>\u00a0(Wohnungswirtschaft)<br>Tel. 03535 245405<\/li>\n\n\n\n<li><strong>Frau Claudia H\u00f6hne\u00a0<\/strong>(Mietenbuchhaltung\/Betriebskostenabrechnung)<br>Tel. 03535 2480680<\/li>\n<\/ul>\n<\/div><\/div>\n<\/div><\/div>\n","protected":false},"excerpt":{"rendered":"<p>ACHTUNG \u2013 NEUE SPRECHZEITEN AB 01.07.2025! Bitte beachten Sie unsere ge\u00e4nderten \u00d6ffnungszeiten: Dienstag: 9:00 \u2013 12:00 Uhr &amp; 13:00 \u2013 16:00 Uhr Donnerstag: 9:00 \u2013 12:00 Uhr &amp; 13:00 \u2013 17:00 Uhr Termine sind auch nach Vereinbarung m\u00f6glich!Wir freuen uns auf Ihren Besuch! WICHTIGE INFORMATION F\u00dcR UNSERE MIETERINNEN &amp; MIETER! Liebe Mieterinnen und Mieter, aus [&hellip;]<\/p>\n","protected":false},"author":1,"featured_media":0,"parent":0,"menu_order":0,"comment_status":"closed","ping_status":"closed","template":"","meta":{"_eb_attr":"","ocean_post_layout":"","ocean_both_sidebars_style":"","ocean_both_sidebars_content_width":0,"ocean_both_sidebars_sidebars_width":0,"ocean_sidebar":"0","ocean_second_sidebar":"0","ocean_disable_margins":"enable","ocean_add_body_class":"","ocean_shortcode_before_top_bar":"","ocean_shortcode_after_top_bar":"","ocean_shortcode_before_header":"","ocean_shortcode_after_header":"","ocean_has_shortcode":"","ocean_shortcode_after_title":"","ocean_shortcode_before_footer_widgets":"","ocean_shortcode_after_footer_widgets":"","ocean_shortcode_before_footer_bottom":"","ocean_shortcode_after_footer_bottom":"","ocean_display_top_bar":"default","ocean_display_header":"default","ocean_header_style":"","ocean_center_header_left_menu":"0","ocean_custom_header_template":"0","ocean_custom_logo":0,"ocean_custom_retina_logo":0,"ocean_custom_logo_max_width":0,"ocean_custom_logo_tablet_max_width":0,"ocean_custom_logo_mobile_max_width":0,"ocean_custom_logo_max_height":0,"ocean_custom_logo_tablet_max_height":0,"ocean_custom_logo_mobile_max_height":0,"ocean_header_custom_menu":"0","ocean_menu_typo_font_family":"0","ocean_menu_typo_font_subset":"","ocean_menu_typo_font_size":0,"ocean_menu_typo_font_size_tablet":0,"ocean_menu_typo_font_size_mobile":0,"ocean_menu_typo_font_size_unit":"px","ocean_menu_typo_font_weight":"","ocean_menu_typo_font_weight_tablet":"","ocean_menu_typo_font_weight_mobile":"","ocean_menu_typo_transform":"","ocean_menu_typo_transform_tablet":"","ocean_menu_typo_transform_mobile":"","ocean_menu_typo_line_height":0,"ocean_menu_typo_line_height_tablet":0,"ocean_menu_typo_line_height_mobile":0,"ocean_menu_typo_line_height_unit":"","ocean_menu_typo_spacing":0,"ocean_menu_typo_spacing_tablet":0,"ocean_menu_typo_spacing_mobile":0,"ocean_menu_typo_spacing_unit":"","ocean_menu_link_color":"","ocean_menu_link_color_hover":"","ocean_menu_link_color_active":"","ocean_menu_link_background":"","ocean_menu_link_hover_background":"","ocean_menu_link_active_background":"","ocean_menu_social_links_bg":"","ocean_menu_social_hover_links_bg":"","ocean_menu_social_links_color":"","ocean_menu_social_hover_links_color":"","ocean_disable_title":"default","ocean_disable_heading":"default","ocean_post_title":"","ocean_post_subheading":"","ocean_post_title_style":"","ocean_post_title_background_color":"","ocean_post_title_background":0,"ocean_post_title_bg_image_position":"","ocean_post_title_bg_image_attachment":"","ocean_post_title_bg_image_repeat":"","ocean_post_title_bg_image_size":"","ocean_post_title_height":0,"ocean_post_title_bg_overlay":0.5,"ocean_post_title_bg_overlay_color":"","ocean_disable_breadcrumbs":"default","ocean_breadcrumbs_color":"","ocean_breadcrumbs_separator_color":"","ocean_breadcrumbs_links_color":"","ocean_breadcrumbs_links_hover_color":"","ocean_display_footer_widgets":"default","ocean_display_footer_bottom":"default","ocean_custom_footer_template":"0","footnotes":""},"class_list":["post-4","page","type-page","status-publish","hentry","entry"],"_links":{"self":[{"href":"https:\/\/www.wg-elsterstrand.de\/wg-elsterstrand\/wp-json\/wp\/v2\/pages\/4","targetHints":{"allow":["GET"]}}],"collection":[{"href":"https:\/\/www.wg-elsterstrand.de\/wg-elsterstrand\/wp-json\/wp\/v2\/pages"}],"about":[{"href":"https:\/\/www.wg-elsterstrand.de\/wg-elsterstrand\/wp-json\/wp\/v2\/types\/page"}],"author":[{"embeddable":true,"href":"https:\/\/www.wg-elsterstrand.de\/wg-elsterstrand\/wp-json\/wp\/v2\/users\/1"}],"replies":[{"embeddable":true,"href":"https:\/\/www.wg-elsterstrand.de\/wg-elsterstrand\/wp-json\/wp\/v2\/comments?post=4"}],"version-history":[{"count":104,"href":"https:\/\/www.wg-elsterstrand.de\/wg-elsterstrand\/wp-json\/wp\/v2\/pages\/4\/revisions"}],"predecessor-version":[{"id":1373,"href":"https:\/\/www.wg-elsterstrand.de\/wg-elsterstrand\/wp-json\/wp\/v2\/pages\/4\/revisions\/1373"}],"wp:attachment":[{"href":"https:\/\/www.wg-elsterstrand.de\/wg-elsterstrand\/wp-json\/wp\/v2\/media?parent=4"}],"curies":[{"name":"wp","href":"https:\/\/api.w.org\/{rel}","templated":true}]}}