{"id":30,"date":"2016-08-08T20:10:41","date_gmt":"2016-08-08T18:10:41","guid":{"rendered":"https:\/\/www.wg-elsterstrand.de\/wg-elsterstrand\/?page_id=30"},"modified":"2023-10-05T17:21:32","modified_gmt":"2023-10-05T15:21:32","slug":"mitgliedschaft","status":"publish","type":"page","link":"https:\/\/www.wg-elsterstrand.de\/wg-elsterstrand\/mitgliedschaft\/","title":{"rendered":"Mitgliedschaft"},"content":{"rendered":"\n<p><span style=\"font-family: Arial,Helvetica,Univers,Zurich BT,sans-serif;\">Die Voraussetzung f\u00fcr die <strong>Anmietung einer Wohnung <\/strong>ist (au\u00dfer bei Auszubildenden, Bewohnern der Senioren-WG und Kurzzeitvertr\u00e4gen) die <strong>Mitgliedschaft <\/strong>in unserer Genossenschaft.<\/span><\/p>\n\n\n\n<p><span style=\"font-family: Arial,Helvetica,Univers,Zurich BT,sans-serif;\">Als Genossenschaftsmitglied erhalten Sie grunds\u00e4tzlich ein Wohnrecht im genossenschaftlichen Gemeinschaftseigentum. Eine Mietkaution f\u00e4llt &#8211; im Gegensatz zu anderen Wohnungsanbietern &#8211; nicht an.<\/span><\/p>\n\n\n\n<p><span style=\"font-family: Arial,Helvetica,Univers,Zurich BT,sans-serif;\">Um Mitglied und Mieter zu werden ist es erforderlich, pers\u00f6nlich eine Beitrittserkl\u00e4rung zu unterzeichnen und <strong>7 Pflichtanteile \u00e1 155,00 \u20ac<\/strong> zu erwerben.<br>Aus diesen eingezahlten Pflichtanteilen ergibt sich das Gesch\u00e4ftsguthaben.<\/span><\/p>\n\n\n\n<p><span style=\"font-family: Arial,Helvetica,Univers,Zurich BT,sans-serif;\">Zus\u00e4tzlich sind <strong>155,00 \u20ac Eintrittsgeld <\/strong>vor Bezug einer Wohnung f\u00e4llig.<\/span><\/p>\n\n\n\n<p><span style=\"font-family: Arial,Helvetica,Univers,Zurich BT,sans-serif;\">Bei K\u00fcndigung des Mietverh\u00e4ltnisses kann die Mitgliedschaft mit mind. 1 Pflichtanteil bestehen bleiben oder muss separat gek\u00fcndigt werden.<br>Die K\u00fcndigung kann nur &#8211; mit einer K\u00fcndigungsfrist von 3 Monaten &#8211; jeweils zum 31.12. eines Kalenderjahres erfolgen.<br>Nach wirksam werden Ihrer K\u00fcndigung erhalten Sie die eingezahlten 7 Pflichtanteile zur\u00fcck.<\/span><\/p>\n\n\n\n<p><span style=\"font-family: Arial,Helvetica,Univers,Zurich BT,sans-serif;\">Weitere Einzelheiten \u00fcber unsere Genossenschaft k\u00f6nnen unserer <strong><a rel=\"noreferrer noopener\" href=\"https:\/\/www.wg-elsterstrand.de\/wg-elsterstrand\/wp-content\/uploads\/2023\/09\/Satzung-der-WG-Elsterstrand-eG-2023.pdf\" target=\"_blank\">Satzung<\/a><\/strong> entnommen werden.<\/span><\/p>\n\n\n\n<hr class=\"wp-block-separator has-alpha-channel-opacity\"\/>\n\n\n\n<h4 class=\"wp-block-heading\">Unsere Beitrittserkl\u00e4rung k\u00f6nnen Sie online ausf\u00fcllen und anschlie\u00dfend ausdrucken und unterschreiben:<\/h4>\n\n\n\n<ul class=\"wp-block-list\">\n<li><a rel=\"noreferrer noopener\" href=\"https:\/\/www.wg-elsterstrand.de\/wg-elsterstrand\/wp-content\/uploads\/2023\/10\/Beitrittserklaerung.pdf\" target=\"_blank\"><strong>Betrittserkl\u00e4rung<\/strong><\/a><\/li>\n<\/ul>\n","protected":false},"excerpt":{"rendered":"<p>Die Voraussetzung f\u00fcr die Anmietung einer Wohnung ist (au\u00dfer bei Auszubildenden, Bewohnern der Senioren-WG und Kurzzeitvertr\u00e4gen) die Mitgliedschaft in unserer Genossenschaft. Als Genossenschaftsmitglied erhalten Sie grunds\u00e4tzlich ein Wohnrecht im genossenschaftlichen Gemeinschaftseigentum. Eine Mietkaution f\u00e4llt &#8211; im Gegensatz zu anderen Wohnungsanbietern &#8211; nicht an. Um Mitglied und Mieter zu werden ist es erforderlich, pers\u00f6nlich eine Beitrittserkl\u00e4rung [&hellip;]<\/p>\n","protected":false},"author":1,"featured_media":0,"parent":0,"menu_order":0,"comment_status":"closed","ping_status":"closed","template":"","meta":{"_eb_attr":"","ocean_post_layout":"","ocean_both_sidebars_style":"","ocean_both_sidebars_content_width":0,"ocean_both_sidebars_sidebars_width":0,"ocean_sidebar":"0","ocean_second_sidebar":"0","ocean_disable_margins":"enable","ocean_add_body_class":"","ocean_shortcode_before_top_bar":"","ocean_shortcode_after_top_bar":"","ocean_shortcode_before_header":"","ocean_shortcode_after_header":"","ocean_has_shortcode":"","ocean_shortcode_after_title":"","ocean_shortcode_before_footer_widgets":"","ocean_shortcode_after_footer_widgets":"","ocean_shortcode_before_footer_bottom":"","ocean_shortcode_after_footer_bottom":"","ocean_display_top_bar":"default","ocean_display_header":"default","ocean_header_style":"","ocean_center_header_left_menu":"0","ocean_custom_header_template":"0","ocean_custom_logo":0,"ocean_custom_retina_logo":0,"ocean_custom_logo_max_width":0,"ocean_custom_logo_tablet_max_width":0,"ocean_custom_logo_mobile_max_width":0,"ocean_custom_logo_max_height":0,"ocean_custom_logo_tablet_max_height":0,"ocean_custom_logo_mobile_max_height":0,"ocean_header_custom_menu":"0","ocean_menu_typo_font_family":"0","ocean_menu_typo_font_subset":"","ocean_menu_typo_font_size":0,"ocean_menu_typo_font_size_tablet":0,"ocean_menu_typo_font_size_mobile":0,"ocean_menu_typo_font_size_unit":"px","ocean_menu_typo_font_weight":"","ocean_menu_typo_font_weight_tablet":"","ocean_menu_typo_font_weight_mobile":"","ocean_menu_typo_transform":"","ocean_menu_typo_transform_tablet":"","ocean_menu_typo_transform_mobile":"","ocean_menu_typo_line_height":0,"ocean_menu_typo_line_height_tablet":0,"ocean_menu_typo_line_height_mobile":0,"ocean_menu_typo_line_height_unit":"","ocean_menu_typo_spacing":0,"ocean_menu_typo_spacing_tablet":0,"ocean_menu_typo_spacing_mobile":0,"ocean_menu_typo_spacing_unit":"","ocean_menu_link_color":"","ocean_menu_link_color_hover":"","ocean_menu_link_color_active":"","ocean_menu_link_background":"","ocean_menu_link_hover_background":"","ocean_menu_link_active_background":"","ocean_menu_social_links_bg":"","ocean_menu_social_hover_links_bg":"","ocean_menu_social_links_color":"","ocean_menu_social_hover_links_color":"","ocean_disable_title":"default","ocean_disable_heading":"default","ocean_post_title":"","ocean_post_subheading":"","ocean_post_title_style":"","ocean_post_title_background_color":"","ocean_post_title_background":0,"ocean_post_title_bg_image_position":"","ocean_post_title_bg_image_attachment":"","ocean_post_title_bg_image_repeat":"","ocean_post_title_bg_image_size":"","ocean_post_title_height":0,"ocean_post_title_bg_overlay":0.5,"ocean_post_title_bg_overlay_color":"","ocean_disable_breadcrumbs":"default","ocean_breadcrumbs_color":"","ocean_breadcrumbs_separator_color":"","ocean_breadcrumbs_links_color":"","ocean_breadcrumbs_links_hover_color":"","ocean_display_footer_widgets":"default","ocean_display_footer_bottom":"default","ocean_custom_footer_template":"0","footnotes":""},"class_list":["post-30","page","type-page","status-publish","hentry","entry"],"_links":{"self":[{"href":"https:\/\/www.wg-elsterstrand.de\/wg-elsterstrand\/wp-json\/wp\/v2\/pages\/30","targetHints":{"allow":["GET"]}}],"collection":[{"href":"https:\/\/www.wg-elsterstrand.de\/wg-elsterstrand\/wp-json\/wp\/v2\/pages"}],"about":[{"href":"https:\/\/www.wg-elsterstrand.de\/wg-elsterstrand\/wp-json\/wp\/v2\/types\/page"}],"author":[{"embeddable":true,"href":"https:\/\/www.wg-elsterstrand.de\/wg-elsterstrand\/wp-json\/wp\/v2\/users\/1"}],"replies":[{"embeddable":true,"href":"https:\/\/www.wg-elsterstrand.de\/wg-elsterstrand\/wp-json\/wp\/v2\/comments?post=30"}],"version-history":[{"count":20,"href":"https:\/\/www.wg-elsterstrand.de\/wg-elsterstrand\/wp-json\/wp\/v2\/pages\/30\/revisions"}],"predecessor-version":[{"id":1263,"href":"https:\/\/www.wg-elsterstrand.de\/wg-elsterstrand\/wp-json\/wp\/v2\/pages\/30\/revisions\/1263"}],"wp:attachment":[{"href":"https:\/\/www.wg-elsterstrand.de\/wg-elsterstrand\/wp-json\/wp\/v2\/media?parent=30"}],"curies":[{"name":"wp","href":"https:\/\/api.w.org\/{rel}","templated":true}]}}