{"id":16,"date":"2016-08-05T21:35:54","date_gmt":"2016-08-05T19:35:54","guid":{"rendered":"https:\/\/www.wg-elsterstrand.de\/wg-elsterstrand\/?page_id=16"},"modified":"2023-10-05T17:01:37","modified_gmt":"2023-10-05T15:01:37","slug":"gaestewohnungen","status":"publish","type":"page","link":"https:\/\/www.wg-elsterstrand.de\/wg-elsterstrand\/gaestewohnungen\/","title":{"rendered":"G\u00e4stewohnungen"},"content":{"rendered":"\n<p id=\"komplett-eingerichtete-2-raumwohnung-in-der-fr-engels-strasse-1-wilhelm-pieck-ring-15-richard-konig-strasse-45-in-herzberg\"><strong>Komplett eingerichtete<\/strong> <strong>2-Raumwohnungen in der Friedrich-Engels-Stra\u00dfe 1, Wilhelm-Pieck-Ring 15, Richard-K\u00f6nig-Stra\u00dfe 45 in Herzberg<\/strong><\/p>\n\n\n\n<ul class=\"wp-block-list\">\n<li>vollkommen ausgestattete <strong>K\u00fcche <\/strong>l\u00e4dt zum gem\u00fctlichen Fr\u00fchst\u00fcck ein<\/li>\n\n\n\n<li>vollst\u00e4ndig modernisiertes <strong>Bad mit Dusche<\/strong><\/li>\n\n\n\n<li>gem\u00fctlich eingerichtet <\/li>\n\n\n\n<li>maximal <strong>4 Personen<\/strong><br>Schlafzimmer: 2 Personen, Wohnzimmer: ausziehbares Sofa f\u00fcr 2 Personen<\/li>\n\n\n\n<li>Fernsehger\u00e4t<\/li>\n\n\n\n<li><strong>kostenloses WLAN<\/strong> verf\u00fcgbar<\/li>\n\n\n\n<li><strong>Anreise ab 14 Uhr<\/strong> und <strong>Abreise bis 10 Uhr<\/strong><\/li>\n<\/ul>\n\n\n\n<p><strong>Preise<\/strong>:<\/p>\n\n\n\n<ul class=\"wp-block-list\">\n<li>f\u00fcr Mitglieder der Genossenschaft pro \u00dcbernachtung: <strong>45 Euro<\/strong><\/li>\n\n\n\n<li>f\u00fcr Fremde pro \u00dcbernachtung: <strong>55 Euro<\/strong><\/li>\n\n\n\n<li>Nutzungsgeb\u00fchr f\u00fcr einen Monat: <strong>550 Euro<\/strong><\/li>\n<\/ul>\n\n\n\n<p><em><strong>BITTE BEACHTEN SIE FOLGENDES<\/strong><\/em><\/p>\n\n\n\n<p>Die Bettw\u00e4sche wird ausschlie\u00dflich von der Wohnungsgenossenschaft gestellt.<br>Das Mitbringen eigener Bettw\u00e4sche ist daher nicht mehr m\u00f6glich. Vielen Dank f\u00fcr Ihr Verst\u00e4ndnis.<br>Die <strong>Nutzungsgeb\u00fchr <\/strong>f\u00fcr die <strong>Bettw\u00e4sche <\/strong>betr\u00e4gt pro Aufenthalt pro <strong>Person<\/strong>: <strong>12 Euro<\/strong><\/p>\n\n\n\n<hr class=\"wp-block-separator has-alpha-channel-opacity\"\/>\n\n\n\n<h4 class=\"wp-block-heading\" id=\"friedrich-engels-strasse-1\">Friedrich-Engels-Stra\u00dfe 1<\/h4>\n\n\n\n<figure class=\"wp-block-gallery has-nested-images columns-default is-cropped wp-block-gallery-1 is-layout-flex wp-block-gallery-is-layout-flex\">\n<figure class=\"wp-block-image size-large\"><img loading=\"lazy\" decoding=\"async\" width=\"1024\" height=\"768\" data-id=\"1026\" src=\"https:\/\/www.wg-elsterstrand.de\/wg-elsterstrand\/wp-content\/uploads\/2023\/06\/IMG_1366-1024x768.jpg\" alt=\"\" class=\"wp-image-1026\" srcset=\"https:\/\/www.wg-elsterstrand.de\/wg-elsterstrand\/wp-content\/uploads\/2023\/06\/IMG_1366-1024x768.jpg 1024w, https:\/\/www.wg-elsterstrand.de\/wg-elsterstrand\/wp-content\/uploads\/2023\/06\/IMG_1366-300x225.jpg 300w, https:\/\/www.wg-elsterstrand.de\/wg-elsterstrand\/wp-content\/uploads\/2023\/06\/IMG_1366-768x576.jpg 768w, https:\/\/www.wg-elsterstrand.de\/wg-elsterstrand\/wp-content\/uploads\/2023\/06\/IMG_1366-1536x1152.jpg 1536w, https:\/\/www.wg-elsterstrand.de\/wg-elsterstrand\/wp-content\/uploads\/2023\/06\/IMG_1366-2048x1536.jpg 2048w\" sizes=\"auto, (max-width: 1024px) 100vw, 1024px\" \/><\/figure>\n\n\n\n<figure class=\"wp-block-image size-full\"><img loading=\"lazy\" decoding=\"async\" width=\"1000\" height=\"750\" data-id=\"277\" src=\"https:\/\/www.wg-elsterstrand.de\/wg-elsterstrand\/wp-content\/uploads\/2017\/08\/wg-elsterstrand-gaestewohnung-07.jpg\" alt=\"\" class=\"wp-image-277\" srcset=\"https:\/\/www.wg-elsterstrand.de\/wg-elsterstrand\/wp-content\/uploads\/2017\/08\/wg-elsterstrand-gaestewohnung-07.jpg 1000w, https:\/\/www.wg-elsterstrand.de\/wg-elsterstrand\/wp-content\/uploads\/2017\/08\/wg-elsterstrand-gaestewohnung-07-300x225.jpg 300w, https:\/\/www.wg-elsterstrand.de\/wg-elsterstrand\/wp-content\/uploads\/2017\/08\/wg-elsterstrand-gaestewohnung-07-768x576.jpg 768w\" sizes=\"auto, (max-width: 1000px) 100vw, 1000px\" \/><\/figure>\n<\/figure>\n\n\n\n<hr class=\"wp-block-separator has-alpha-channel-opacity\"\/>\n\n\n\n<h4 class=\"wp-block-heading\" id=\"wilhelm-pieck-ring-15\">Wilhelm-Pieck-Ring 15<\/h4>\n\n\n\n<figure class=\"wp-block-gallery has-nested-images columns-default is-cropped wp-block-gallery-2 is-layout-flex wp-block-gallery-is-layout-flex\">\n<figure class=\"wp-block-image size-large\"><img loading=\"lazy\" decoding=\"async\" width=\"1024\" height=\"768\" data-id=\"1260\" src=\"https:\/\/www.wg-elsterstrand.de\/wg-elsterstrand\/wp-content\/uploads\/2023\/10\/IMG_1680-1024x768.jpg\" alt=\"\" class=\"wp-image-1260\" srcset=\"https:\/\/www.wg-elsterstrand.de\/wg-elsterstrand\/wp-content\/uploads\/2023\/10\/IMG_1680-1024x768.jpg 1024w, https:\/\/www.wg-elsterstrand.de\/wg-elsterstrand\/wp-content\/uploads\/2023\/10\/IMG_1680-300x225.jpg 300w, https:\/\/www.wg-elsterstrand.de\/wg-elsterstrand\/wp-content\/uploads\/2023\/10\/IMG_1680-768x576.jpg 768w, https:\/\/www.wg-elsterstrand.de\/wg-elsterstrand\/wp-content\/uploads\/2023\/10\/IMG_1680-1536x1152.jpg 1536w, https:\/\/www.wg-elsterstrand.de\/wg-elsterstrand\/wp-content\/uploads\/2023\/10\/IMG_1680-2048x1536.jpg 2048w\" sizes=\"auto, (max-width: 1024px) 100vw, 1024px\" \/><\/figure>\n\n\n\n<figure class=\"wp-block-image size-large\"><img loading=\"lazy\" decoding=\"async\" width=\"1024\" height=\"768\" data-id=\"1261\" src=\"https:\/\/www.wg-elsterstrand.de\/wg-elsterstrand\/wp-content\/uploads\/2023\/10\/IMG_1676-1024x768.jpg\" alt=\"\" class=\"wp-image-1261\" srcset=\"https:\/\/www.wg-elsterstrand.de\/wg-elsterstrand\/wp-content\/uploads\/2023\/10\/IMG_1676-1024x768.jpg 1024w, https:\/\/www.wg-elsterstrand.de\/wg-elsterstrand\/wp-content\/uploads\/2023\/10\/IMG_1676-300x225.jpg 300w, https:\/\/www.wg-elsterstrand.de\/wg-elsterstrand\/wp-content\/uploads\/2023\/10\/IMG_1676-768x576.jpg 768w, https:\/\/www.wg-elsterstrand.de\/wg-elsterstrand\/wp-content\/uploads\/2023\/10\/IMG_1676-1536x1152.jpg 1536w, https:\/\/www.wg-elsterstrand.de\/wg-elsterstrand\/wp-content\/uploads\/2023\/10\/IMG_1676-2048x1536.jpg 2048w\" sizes=\"auto, (max-width: 1024px) 100vw, 1024px\" \/><\/figure>\n<\/figure>\n\n\n\n<hr class=\"wp-block-separator has-alpha-channel-opacity\"\/>\n\n\n\n<h4 class=\"wp-block-heading\" id=\"richard-konig-strasse-45\">Richard-K\u00f6nig-Stra\u00dfe 45<\/h4>\n\n\n\n<figure class=\"wp-block-gallery has-nested-images columns-default is-cropped wp-block-gallery-3 is-layout-flex wp-block-gallery-is-layout-flex\">\n<figure class=\"wp-block-image size-large\"><img loading=\"lazy\" decoding=\"async\" width=\"1024\" height=\"768\" data-id=\"583\" src=\"https:\/\/www.wg-elsterstrand.de\/wg-elsterstrand\/wp-content\/uploads\/2022\/02\/R.-Koenig-Str.-45.jpg\" alt=\"\" class=\"wp-image-583\" srcset=\"https:\/\/www.wg-elsterstrand.de\/wg-elsterstrand\/wp-content\/uploads\/2022\/02\/R.-Koenig-Str.-45.jpg 1024w, https:\/\/www.wg-elsterstrand.de\/wg-elsterstrand\/wp-content\/uploads\/2022\/02\/R.-Koenig-Str.-45-300x225.jpg 300w, https:\/\/www.wg-elsterstrand.de\/wg-elsterstrand\/wp-content\/uploads\/2022\/02\/R.-Koenig-Str.-45-768x576.jpg 768w\" sizes=\"auto, (max-width: 1024px) 100vw, 1024px\" \/><\/figure>\n\n\n\n<figure class=\"wp-block-image size-large\"><img loading=\"lazy\" decoding=\"async\" width=\"300\" height=\"225\" data-id=\"317\" src=\"https:\/\/www.wg-elsterstrand.de\/wg-elsterstrand\/wp-content\/uploads\/2017\/11\/wg-elsterstrand-gaestewohnung-09.jpg\" alt=\"\" class=\"wp-image-317\"\/><\/figure>\n<\/figure>\n","protected":false},"excerpt":{"rendered":"<p>Komplett eingerichtete 2-Raumwohnungen in der Friedrich-Engels-Stra\u00dfe 1, Wilhelm-Pieck-Ring 15, Richard-K\u00f6nig-Stra\u00dfe 45 in Herzberg Preise: BITTE BEACHTEN SIE FOLGENDES Die Bettw\u00e4sche wird ausschlie\u00dflich von der Wohnungsgenossenschaft gestellt.Das Mitbringen eigener Bettw\u00e4sche ist daher nicht mehr m\u00f6glich. Vielen Dank f\u00fcr Ihr Verst\u00e4ndnis.Die Nutzungsgeb\u00fchr f\u00fcr die Bettw\u00e4sche betr\u00e4gt pro Aufenthalt pro Person: 12 Euro Friedrich-Engels-Stra\u00dfe 1 Wilhelm-Pieck-Ring 15 Richard-K\u00f6nig-Stra\u00dfe [&hellip;]<\/p>\n","protected":false},"author":1,"featured_media":0,"parent":0,"menu_order":0,"comment_status":"closed","ping_status":"closed","template":"","meta":{"_eb_attr":"","ocean_post_layout":"","ocean_both_sidebars_style":"","ocean_both_sidebars_content_width":0,"ocean_both_sidebars_sidebars_width":0,"ocean_sidebar":"0","ocean_second_sidebar":"0","ocean_disable_margins":"enable","ocean_add_body_class":"","ocean_shortcode_before_top_bar":"","ocean_shortcode_after_top_bar":"","ocean_shortcode_before_header":"","ocean_shortcode_after_header":"","ocean_has_shortcode":"","ocean_shortcode_after_title":"","ocean_shortcode_before_footer_widgets":"","ocean_shortcode_after_footer_widgets":"","ocean_shortcode_before_footer_bottom":"","ocean_shortcode_after_footer_bottom":"","ocean_display_top_bar":"default","ocean_display_header":"default","ocean_header_style":"","ocean_center_header_left_menu":"0","ocean_custom_header_template":"0","ocean_custom_logo":0,"ocean_custom_retina_logo":0,"ocean_custom_logo_max_width":0,"ocean_custom_logo_tablet_max_width":0,"ocean_custom_logo_mobile_max_width":0,"ocean_custom_logo_max_height":0,"ocean_custom_logo_tablet_max_height":0,"ocean_custom_logo_mobile_max_height":0,"ocean_header_custom_menu":"0","ocean_menu_typo_font_family":"0","ocean_menu_typo_font_subset":"","ocean_menu_typo_font_size":0,"ocean_menu_typo_font_size_tablet":0,"ocean_menu_typo_font_size_mobile":0,"ocean_menu_typo_font_size_unit":"px","ocean_menu_typo_font_weight":"","ocean_menu_typo_font_weight_tablet":"","ocean_menu_typo_font_weight_mobile":"","ocean_menu_typo_transform":"","ocean_menu_typo_transform_tablet":"","ocean_menu_typo_transform_mobile":"","ocean_menu_typo_line_height":0,"ocean_menu_typo_line_height_tablet":0,"ocean_menu_typo_line_height_mobile":0,"ocean_menu_typo_line_height_unit":"","ocean_menu_typo_spacing":0,"ocean_menu_typo_spacing_tablet":0,"ocean_menu_typo_spacing_mobile":0,"ocean_menu_typo_spacing_unit":"","ocean_menu_link_color":"","ocean_menu_link_color_hover":"","ocean_menu_link_color_active":"","ocean_menu_link_background":"","ocean_menu_link_hover_background":"","ocean_menu_link_active_background":"","ocean_menu_social_links_bg":"","ocean_menu_social_hover_links_bg":"","ocean_menu_social_links_color":"","ocean_menu_social_hover_links_color":"","ocean_disable_title":"default","ocean_disable_heading":"default","ocean_post_title":"","ocean_post_subheading":"","ocean_post_title_style":"","ocean_post_title_background_color":"","ocean_post_title_background":0,"ocean_post_title_bg_image_position":"","ocean_post_title_bg_image_attachment":"","ocean_post_title_bg_image_repeat":"","ocean_post_title_bg_image_size":"","ocean_post_title_height":0,"ocean_post_title_bg_overlay":0.5,"ocean_post_title_bg_overlay_color":"","ocean_disable_breadcrumbs":"default","ocean_breadcrumbs_color":"","ocean_breadcrumbs_separator_color":"","ocean_breadcrumbs_links_color":"","ocean_breadcrumbs_links_hover_color":"","ocean_display_footer_widgets":"default","ocean_display_footer_bottom":"default","ocean_custom_footer_template":"0","footnotes":""},"class_list":["post-16","page","type-page","status-publish","hentry","entry"],"_links":{"self":[{"href":"https:\/\/www.wg-elsterstrand.de\/wg-elsterstrand\/wp-json\/wp\/v2\/pages\/16","targetHints":{"allow":["GET"]}}],"collection":[{"href":"https:\/\/www.wg-elsterstrand.de\/wg-elsterstrand\/wp-json\/wp\/v2\/pages"}],"about":[{"href":"https:\/\/www.wg-elsterstrand.de\/wg-elsterstrand\/wp-json\/wp\/v2\/types\/page"}],"author":[{"embeddable":true,"href":"https:\/\/www.wg-elsterstrand.de\/wg-elsterstrand\/wp-json\/wp\/v2\/users\/1"}],"replies":[{"embeddable":true,"href":"https:\/\/www.wg-elsterstrand.de\/wg-elsterstrand\/wp-json\/wp\/v2\/comments?post=16"}],"version-history":[{"count":42,"href":"https:\/\/www.wg-elsterstrand.de\/wg-elsterstrand\/wp-json\/wp\/v2\/pages\/16\/revisions"}],"predecessor-version":[{"id":1262,"href":"https:\/\/www.wg-elsterstrand.de\/wg-elsterstrand\/wp-json\/wp\/v2\/pages\/16\/revisions\/1262"}],"wp:attachment":[{"href":"https:\/\/www.wg-elsterstrand.de\/wg-elsterstrand\/wp-json\/wp\/v2\/media?parent=16"}],"curies":[{"name":"wp","href":"https:\/\/api.w.org\/{rel}","templated":true}]}}